{"id":99,"date":"2020-09-04T17:54:32","date_gmt":"2020-09-04T15:54:32","guid":{"rendered":"https:\/\/bodoinincendiesecurite.wordpress.com\/?page_id=99"},"modified":"2020-09-04T17:54:32","modified_gmt":"2020-09-04T15:54:32","slug":"formation-incendie","status":"publish","type":"page","link":"https:\/\/bodoin-incendiesecurite.fr\/?page_id=99","title":{"rendered":"Formation incendie"},"content":{"rendered":"\n<div class=\"wp-block-media-text alignwide is-stacked-on-mobile is-vertically-aligned-top\"><figure class=\"wp-block-media-text__media\"><img fetchpriority=\"high\" decoding=\"async\" width=\"720\" height=\"960\" src=\"http:\/\/bodoin-incendiesecurite.fr\/wp-content\/uploads\/2020\/09\/301486_148691501889950_1241982876_n.jpg?w=720\" alt=\"\" class=\"wp-image-85\" srcset=\"https:\/\/bodoin-incendiesecurite.fr\/wp-content\/uploads\/2020\/09\/301486_148691501889950_1241982876_n.jpg 720w, https:\/\/bodoin-incendiesecurite.fr\/wp-content\/uploads\/2020\/09\/301486_148691501889950_1241982876_n-225x300.jpg 225w\" sizes=\"(max-width: 720px) 100vw, 720px\" \/><\/figure><div class=\"wp-block-media-text__content\">\n<p>Bodoin Incendie S\u00e9curit\u00e9 propose des formations incendie sur l&rsquo;utilisation des extincteurs et l&rsquo;\u00e9vacuation.<\/p>\n\n\n\n<p>Nos formations se d\u00e9roulent g\u00e9n\u00e9ralement en deux temps :<\/p>\n\n\n\n<ul class=\"wp-block-list\"><li>1h de th\u00e9orie<\/li><li>1h de pratique avec la manipulation d&rsquo;extincteurs <\/li><\/ul>\n\n\n\n<p>Cette formation s&rsquo;adresse \u00e0 l&rsquo;ensemble du personnel.<\/p>\n<\/div><\/div>\n\n\n\n<div class=\"wp-block-media-text alignwide is-stacked-on-mobile has-text-color has-background\" style=\"background-color:#0057b5;color:#fde900;grid-template-columns:37% auto;\"><figure class=\"wp-block-media-text__media\"><img decoding=\"async\" src=\"http:\/\/bodoin-incendiesecurite.fr\/wp-content\/uploads\/2020\/09\/cropped-logo-bodoin-page-001.jpg?w=750\" alt=\"\" class=\"wp-image-255\" \/><\/figure><div class=\"wp-block-media-text__content\">\n<p class=\"has-text-align-center\" style=\"font-size:16px;\"><strong>Bodoin Incendie S\u00e9curit\u00e9<\/strong><br><br>20, impasse des Charmilles<br>26100 Romans-sur-Is\u00e8re<\/p>\n\n\n\n<p class=\"has-text-align-center\" style=\"font-size:16px;\">T\u00e9l : 04 75 70 39 83<br>Mobile : 06 20 88 72 32<br><br>contact@bodoin-incendiesecurite.fr<\/p>\n<\/div><\/div>\n","protected":false},"excerpt":{"rendered":"<p>Bodoin Incendie S\u00e9curit\u00e9 propose des formations incendie sur l&rsquo;utilisation des extincteurs et l&rsquo;\u00e9vacuation. Nos formations se d\u00e9roulent g\u00e9n\u00e9ralement en deux temps : 1h de th\u00e9orie 1h de pratique avec la manipulation d&rsquo;extincteurs Cette formation s&rsquo;adresse \u00e0 l&rsquo;ensemble du personnel.<\/p>\n","protected":false},"author":1,"featured_media":0,"parent":0,"menu_order":0,"comment_status":"closed","ping_status":"closed","template":"","meta":{"footnotes":""},"class_list":["post-99","page","type-page","status-publish","hentry"],"yoast_head":"<!-- This site is optimized with the Yoast SEO plugin v24.8.1 - https:\/\/yoast.com\/wordpress\/plugins\/seo\/ -->\n<title>Formation incendie - Bodoin Incendie-S\u00e9curit\u00e9<\/title>\n<meta name=\"robots\" content=\"index, follow, max-snippet:-1, max-image-preview:large, max-video-preview:-1\" \/>\n<link rel=\"canonical\" href=\"https:\/\/bodoin-incendiesecurite.fr\/?page_id=99\" \/>\n<meta property=\"og:locale\" content=\"fr_FR\" \/>\n<meta property=\"og:type\" content=\"article\" \/>\n<meta property=\"og:title\" content=\"Formation incendie - Bodoin Incendie-S\u00e9curit\u00e9\" \/>\n<meta property=\"og:description\" content=\"Bodoin Incendie S\u00e9curit\u00e9 propose des formations incendie sur l&rsquo;utilisation des extincteurs et l&rsquo;\u00e9vacuation. Nos formations se d\u00e9roulent g\u00e9n\u00e9ralement en deux temps : 1h de th\u00e9orie 1h de pratique avec la manipulation d&rsquo;extincteurs Cette formation s&rsquo;adresse \u00e0 l&rsquo;ensemble du personnel.\" \/>\n<meta property=\"og:url\" content=\"https:\/\/bodoin-incendiesecurite.fr\/?page_id=99\" \/>\n<meta property=\"og:site_name\" content=\"Bodoin Incendie-S\u00e9curit\u00e9\" \/>\n<meta property=\"og:image\" content=\"https:\/\/bodoin-incendiesecurite.fr\/wp-content\/uploads\/2020\/09\/301486_148691501889950_1241982876_n.jpg\" \/>\n\t<meta property=\"og:image:width\" content=\"720\" \/>\n\t<meta property=\"og:image:height\" content=\"960\" \/>\n\t<meta property=\"og:image:type\" content=\"image\/jpeg\" \/>\n<meta name=\"twitter:card\" content=\"summary_large_image\" \/>\n<script type=\"application\/ld+json\" class=\"yoast-schema-graph\">{\"@context\":\"https:\/\/schema.org\",\"@graph\":[{\"@type\":\"WebPage\",\"@id\":\"https:\/\/bodoin-incendiesecurite.fr\/?page_id=99\",\"url\":\"https:\/\/bodoin-incendiesecurite.fr\/?page_id=99\",\"name\":\"Formation incendie - Bodoin Incendie-S\u00e9curit\u00e9\",\"isPartOf\":{\"@id\":\"https:\/\/bodoin-incendiesecurite.fr\/#website\"},\"primaryImageOfPage\":{\"@id\":\"https:\/\/bodoin-incendiesecurite.fr\/?page_id=99#primaryimage\"},\"image\":{\"@id\":\"https:\/\/bodoin-incendiesecurite.fr\/?page_id=99#primaryimage\"},\"thumbnailUrl\":\"http:\/\/bodoin-incendiesecurite.fr\/wp-content\/uploads\/2020\/09\/301486_148691501889950_1241982876_n.jpg?w=720\",\"datePublished\":\"2020-09-04T15:54:32+00:00\",\"breadcrumb\":{\"@id\":\"https:\/\/bodoin-incendiesecurite.fr\/?page_id=99#breadcrumb\"},\"inLanguage\":\"fr-FR\",\"potentialAction\":[{\"@type\":\"ReadAction\",\"target\":[\"https:\/\/bodoin-incendiesecurite.fr\/?page_id=99\"]}]},{\"@type\":\"ImageObject\",\"inLanguage\":\"fr-FR\",\"@id\":\"https:\/\/bodoin-incendiesecurite.fr\/?page_id=99#primaryimage\",\"url\":\"https:\/\/bodoin-incendiesecurite.fr\/wp-content\/uploads\/2020\/09\/301486_148691501889950_1241982876_n.jpg\",\"contentUrl\":\"https:\/\/bodoin-incendiesecurite.fr\/wp-content\/uploads\/2020\/09\/301486_148691501889950_1241982876_n.jpg\",\"width\":720,\"height\":960},{\"@type\":\"BreadcrumbList\",\"@id\":\"https:\/\/bodoin-incendiesecurite.fr\/?page_id=99#breadcrumb\",\"itemListElement\":[{\"@type\":\"ListItem\",\"position\":1,\"name\":\"Accueil\",\"item\":\"https:\/\/bodoin-incendiesecurite.fr\/\"},{\"@type\":\"ListItem\",\"position\":2,\"name\":\"Formation incendie\"}]},{\"@type\":\"WebSite\",\"@id\":\"https:\/\/bodoin-incendiesecurite.fr\/#website\",\"url\":\"https:\/\/bodoin-incendiesecurite.fr\/\",\"name\":\"Bodoin Incendie-S\u00e9curit\u00e9\",\"description\":\"\",\"publisher\":{\"@id\":\"https:\/\/bodoin-incendiesecurite.fr\/#organization\"},\"potentialAction\":[{\"@type\":\"SearchAction\",\"target\":{\"@type\":\"EntryPoint\",\"urlTemplate\":\"https:\/\/bodoin-incendiesecurite.fr\/?s={search_term_string}\"},\"query-input\":{\"@type\":\"PropertyValueSpecification\",\"valueRequired\":true,\"valueName\":\"search_term_string\"}}],\"inLanguage\":\"fr-FR\"},{\"@type\":\"Organization\",\"@id\":\"https:\/\/bodoin-incendiesecurite.fr\/#organization\",\"name\":\"Bodoin Incendie-S\u00e9curit\u00e9\",\"url\":\"https:\/\/bodoin-incendiesecurite.fr\/\",\"logo\":{\"@type\":\"ImageObject\",\"inLanguage\":\"fr-FR\",\"@id\":\"https:\/\/bodoin-incendiesecurite.fr\/#\/schema\/logo\/image\/\",\"url\":\"https:\/\/bodoin-incendiesecurite.fr\/wp-content\/uploads\/2024\/08\/cropped-logo-bodoin-page-001-3-scaled.jpg\",\"contentUrl\":\"https:\/\/bodoin-incendiesecurite.fr\/wp-content\/uploads\/2024\/08\/cropped-logo-bodoin-page-001-3-scaled.jpg\",\"width\":2560,\"height\":1145,\"caption\":\"Bodoin Incendie-S\u00e9curit\u00e9\"},\"image\":{\"@id\":\"https:\/\/bodoin-incendiesecurite.fr\/#\/schema\/logo\/image\/\"}}]}<\/script>\n<!-- \/ Yoast SEO plugin. -->","yoast_head_json":{"title":"Formation incendie - Bodoin Incendie-S\u00e9curit\u00e9","robots":{"index":"index","follow":"follow","max-snippet":"max-snippet:-1","max-image-preview":"max-image-preview:large","max-video-preview":"max-video-preview:-1"},"canonical":"https:\/\/bodoin-incendiesecurite.fr\/?page_id=99","og_locale":"fr_FR","og_type":"article","og_title":"Formation incendie - Bodoin Incendie-S\u00e9curit\u00e9","og_description":"Bodoin Incendie S\u00e9curit\u00e9 propose des formations incendie sur l&rsquo;utilisation des extincteurs et l&rsquo;\u00e9vacuation. Nos formations se d\u00e9roulent g\u00e9n\u00e9ralement en deux temps : 1h de th\u00e9orie 1h de pratique avec la manipulation d&rsquo;extincteurs Cette formation s&rsquo;adresse \u00e0 l&rsquo;ensemble du personnel.","og_url":"https:\/\/bodoin-incendiesecurite.fr\/?page_id=99","og_site_name":"Bodoin Incendie-S\u00e9curit\u00e9","og_image":[{"width":720,"height":960,"url":"https:\/\/bodoin-incendiesecurite.fr\/wp-content\/uploads\/2020\/09\/301486_148691501889950_1241982876_n.jpg","type":"image\/jpeg"}],"twitter_card":"summary_large_image","schema":{"@context":"https:\/\/schema.org","@graph":[{"@type":"WebPage","@id":"https:\/\/bodoin-incendiesecurite.fr\/?page_id=99","url":"https:\/\/bodoin-incendiesecurite.fr\/?page_id=99","name":"Formation incendie - Bodoin Incendie-S\u00e9curit\u00e9","isPartOf":{"@id":"https:\/\/bodoin-incendiesecurite.fr\/#website"},"primaryImageOfPage":{"@id":"https:\/\/bodoin-incendiesecurite.fr\/?page_id=99#primaryimage"},"image":{"@id":"https:\/\/bodoin-incendiesecurite.fr\/?page_id=99#primaryimage"},"thumbnailUrl":"http:\/\/bodoin-incendiesecurite.fr\/wp-content\/uploads\/2020\/09\/301486_148691501889950_1241982876_n.jpg?w=720","datePublished":"2020-09-04T15:54:32+00:00","breadcrumb":{"@id":"https:\/\/bodoin-incendiesecurite.fr\/?page_id=99#breadcrumb"},"inLanguage":"fr-FR","potentialAction":[{"@type":"ReadAction","target":["https:\/\/bodoin-incendiesecurite.fr\/?page_id=99"]}]},{"@type":"ImageObject","inLanguage":"fr-FR","@id":"https:\/\/bodoin-incendiesecurite.fr\/?page_id=99#primaryimage","url":"https:\/\/bodoin-incendiesecurite.fr\/wp-content\/uploads\/2020\/09\/301486_148691501889950_1241982876_n.jpg","contentUrl":"https:\/\/bodoin-incendiesecurite.fr\/wp-content\/uploads\/2020\/09\/301486_148691501889950_1241982876_n.jpg","width":720,"height":960},{"@type":"BreadcrumbList","@id":"https:\/\/bodoin-incendiesecurite.fr\/?page_id=99#breadcrumb","itemListElement":[{"@type":"ListItem","position":1,"name":"Accueil","item":"https:\/\/bodoin-incendiesecurite.fr\/"},{"@type":"ListItem","position":2,"name":"Formation incendie"}]},{"@type":"WebSite","@id":"https:\/\/bodoin-incendiesecurite.fr\/#website","url":"https:\/\/bodoin-incendiesecurite.fr\/","name":"Bodoin Incendie-S\u00e9curit\u00e9","description":"","publisher":{"@id":"https:\/\/bodoin-incendiesecurite.fr\/#organization"},"potentialAction":[{"@type":"SearchAction","target":{"@type":"EntryPoint","urlTemplate":"https:\/\/bodoin-incendiesecurite.fr\/?s={search_term_string}"},"query-input":{"@type":"PropertyValueSpecification","valueRequired":true,"valueName":"search_term_string"}}],"inLanguage":"fr-FR"},{"@type":"Organization","@id":"https:\/\/bodoin-incendiesecurite.fr\/#organization","name":"Bodoin Incendie-S\u00e9curit\u00e9","url":"https:\/\/bodoin-incendiesecurite.fr\/","logo":{"@type":"ImageObject","inLanguage":"fr-FR","@id":"https:\/\/bodoin-incendiesecurite.fr\/#\/schema\/logo\/image\/","url":"https:\/\/bodoin-incendiesecurite.fr\/wp-content\/uploads\/2024\/08\/cropped-logo-bodoin-page-001-3-scaled.jpg","contentUrl":"https:\/\/bodoin-incendiesecurite.fr\/wp-content\/uploads\/2024\/08\/cropped-logo-bodoin-page-001-3-scaled.jpg","width":2560,"height":1145,"caption":"Bodoin Incendie-S\u00e9curit\u00e9"},"image":{"@id":"https:\/\/bodoin-incendiesecurite.fr\/#\/schema\/logo\/image\/"}}]}},"_links":{"self":[{"href":"https:\/\/bodoin-incendiesecurite.fr\/index.php?rest_route=\/wp\/v2\/pages\/99","targetHints":{"allow":["GET"]}}],"collection":[{"href":"https:\/\/bodoin-incendiesecurite.fr\/index.php?rest_route=\/wp\/v2\/pages"}],"about":[{"href":"https:\/\/bodoin-incendiesecurite.fr\/index.php?rest_route=\/wp\/v2\/types\/page"}],"author":[{"embeddable":true,"href":"https:\/\/bodoin-incendiesecurite.fr\/index.php?rest_route=\/wp\/v2\/users\/1"}],"replies":[{"embeddable":true,"href":"https:\/\/bodoin-incendiesecurite.fr\/index.php?rest_route=%2Fwp%2Fv2%2Fcomments&post=99"}],"version-history":[{"count":0,"href":"https:\/\/bodoin-incendiesecurite.fr\/index.php?rest_route=\/wp\/v2\/pages\/99\/revisions"}],"wp:attachment":[{"href":"https:\/\/bodoin-incendiesecurite.fr\/index.php?rest_route=%2Fwp%2Fv2%2Fmedia&parent=99"}],"curies":[{"name":"wp","href":"https:\/\/api.w.org\/{rel}","templated":true}]}}