{"id":97,"date":"2020-09-04T17:54:29","date_gmt":"2020-09-04T15:54:29","guid":{"rendered":"https:\/\/bodoinincendiesecurite.wordpress.com\/?page_id=97"},"modified":"2020-09-04T17:54:29","modified_gmt":"2020-09-04T15:54:29","slug":"ria","status":"publish","type":"page","link":"https:\/\/bodoin-incendiesecurite.fr\/?page_id=97","title":{"rendered":"RIA"},"content":{"rendered":"\n<div class=\"wp-block-media-text alignwide is-stacked-on-mobile is-vertically-aligned-top\"><figure class=\"wp-block-media-text__media\"><img fetchpriority=\"high\" decoding=\"async\" width=\"1536\" height=\"2048\" src=\"http:\/\/bodoin-incendiesecurite.fr\/wp-content\/uploads\/2020\/09\/70284016_2492373827521694_3334974691537321984_o-1.jpg?w=768\" alt=\"\" class=\"wp-image-126\" srcset=\"https:\/\/bodoin-incendiesecurite.fr\/wp-content\/uploads\/2020\/09\/70284016_2492373827521694_3334974691537321984_o-1.jpg 1536w, https:\/\/bodoin-incendiesecurite.fr\/wp-content\/uploads\/2020\/09\/70284016_2492373827521694_3334974691537321984_o-1-225x300.jpg 225w, https:\/\/bodoin-incendiesecurite.fr\/wp-content\/uploads\/2020\/09\/70284016_2492373827521694_3334974691537321984_o-1-768x1024.jpg 768w, https:\/\/bodoin-incendiesecurite.fr\/wp-content\/uploads\/2020\/09\/70284016_2492373827521694_3334974691537321984_o-1-1152x1536.jpg 1152w\" sizes=\"(max-width: 1536px) 100vw, 1536px\" \/><\/figure><div class=\"wp-block-media-text__content\">\n<p>Bodoin Incendie S\u00e9curit\u00e9 propose l\u2019installation et la maintenance de Robinet d&rsquo;Incendie Arm\u00e9s.<\/p>\n\n\n\n<p>Une maintenance annuelle est \u00e0 effectuer sur ce type d\u2019appareil.<\/p>\n<\/div><\/div>\n\n\n\n<div class=\"wp-block-media-text alignwide is-stacked-on-mobile has-text-color has-background\" style=\"background-color:#0057b5;color:#fde900;grid-template-columns:37% auto;\"><figure class=\"wp-block-media-text__media\"><img decoding=\"async\" src=\"http:\/\/bodoin-incendiesecurite.fr\/wp-content\/uploads\/2020\/09\/cropped-logo-bodoin-page-001.jpg?w=750\" alt=\"\" class=\"wp-image-255\" \/><\/figure><div class=\"wp-block-media-text__content\">\n<p class=\"has-text-align-center\" style=\"font-size:16px;\"><strong>Bodoin Incendie S\u00e9curit\u00e9<\/strong><br><br>20, impasse des Charmilles<br>26100 Romans-sur-Is\u00e8re<\/p>\n\n\n\n<p class=\"has-text-align-center\" style=\"font-size:16px;\">T\u00e9l : 04 75 70 39 83<br>Mobile : 06 20 88 72 32<br><br>contact@bodoin-incendiesecurite.fr<\/p>\n<\/div><\/div>\n","protected":false},"excerpt":{"rendered":"<p>Bodoin Incendie S\u00e9curit\u00e9 propose l\u2019installation et la maintenance de Robinet d&rsquo;Incendie Arm\u00e9s. Une maintenance annuelle est \u00e0 effectuer sur ce type d\u2019appareil.<\/p>\n","protected":false},"author":1,"featured_media":0,"parent":0,"menu_order":0,"comment_status":"closed","ping_status":"closed","template":"","meta":{"footnotes":""},"class_list":["post-97","page","type-page","status-publish","hentry"],"yoast_head":"<!-- This site is optimized with the Yoast SEO plugin v24.8.1 - https:\/\/yoast.com\/wordpress\/plugins\/seo\/ -->\n<title>RIA - Bodoin Incendie-S\u00e9curit\u00e9<\/title>\n<meta name=\"robots\" content=\"index, follow, max-snippet:-1, max-image-preview:large, max-video-preview:-1\" \/>\n<link rel=\"canonical\" href=\"https:\/\/bodoin-incendiesecurite.fr\/?page_id=97\" \/>\n<meta property=\"og:locale\" content=\"fr_FR\" \/>\n<meta property=\"og:type\" content=\"article\" \/>\n<meta property=\"og:title\" content=\"RIA - Bodoin Incendie-S\u00e9curit\u00e9\" \/>\n<meta property=\"og:description\" content=\"Bodoin Incendie S\u00e9curit\u00e9 propose l\u2019installation et la maintenance de Robinet d&rsquo;Incendie Arm\u00e9s. Une maintenance annuelle est \u00e0 effectuer sur ce type d\u2019appareil.\" \/>\n<meta property=\"og:url\" content=\"https:\/\/bodoin-incendiesecurite.fr\/?page_id=97\" \/>\n<meta property=\"og:site_name\" content=\"Bodoin Incendie-S\u00e9curit\u00e9\" \/>\n<meta property=\"og:image\" content=\"https:\/\/bodoin-incendiesecurite.fr\/wp-content\/uploads\/2020\/09\/70284016_2492373827521694_3334974691537321984_o-1.jpg\" \/>\n\t<meta property=\"og:image:width\" content=\"1536\" \/>\n\t<meta property=\"og:image:height\" content=\"2048\" \/>\n\t<meta property=\"og:image:type\" content=\"image\/jpeg\" \/>\n<meta name=\"twitter:card\" content=\"summary_large_image\" \/>\n<script type=\"application\/ld+json\" class=\"yoast-schema-graph\">{\"@context\":\"https:\/\/schema.org\",\"@graph\":[{\"@type\":\"WebPage\",\"@id\":\"https:\/\/bodoin-incendiesecurite.fr\/?page_id=97\",\"url\":\"https:\/\/bodoin-incendiesecurite.fr\/?page_id=97\",\"name\":\"RIA - Bodoin Incendie-S\u00e9curit\u00e9\",\"isPartOf\":{\"@id\":\"https:\/\/bodoin-incendiesecurite.fr\/#website\"},\"primaryImageOfPage\":{\"@id\":\"https:\/\/bodoin-incendiesecurite.fr\/?page_id=97#primaryimage\"},\"image\":{\"@id\":\"https:\/\/bodoin-incendiesecurite.fr\/?page_id=97#primaryimage\"},\"thumbnailUrl\":\"http:\/\/bodoin-incendiesecurite.fr\/wp-content\/uploads\/2020\/09\/70284016_2492373827521694_3334974691537321984_o-1.jpg?w=768\",\"datePublished\":\"2020-09-04T15:54:29+00:00\",\"breadcrumb\":{\"@id\":\"https:\/\/bodoin-incendiesecurite.fr\/?page_id=97#breadcrumb\"},\"inLanguage\":\"fr-FR\",\"potentialAction\":[{\"@type\":\"ReadAction\",\"target\":[\"https:\/\/bodoin-incendiesecurite.fr\/?page_id=97\"]}]},{\"@type\":\"ImageObject\",\"inLanguage\":\"fr-FR\",\"@id\":\"https:\/\/bodoin-incendiesecurite.fr\/?page_id=97#primaryimage\",\"url\":\"https:\/\/bodoin-incendiesecurite.fr\/wp-content\/uploads\/2020\/09\/70284016_2492373827521694_3334974691537321984_o-1.jpg\",\"contentUrl\":\"https:\/\/bodoin-incendiesecurite.fr\/wp-content\/uploads\/2020\/09\/70284016_2492373827521694_3334974691537321984_o-1.jpg\",\"width\":1536,\"height\":2048},{\"@type\":\"BreadcrumbList\",\"@id\":\"https:\/\/bodoin-incendiesecurite.fr\/?page_id=97#breadcrumb\",\"itemListElement\":[{\"@type\":\"ListItem\",\"position\":1,\"name\":\"Accueil\",\"item\":\"https:\/\/bodoin-incendiesecurite.fr\/\"},{\"@type\":\"ListItem\",\"position\":2,\"name\":\"RIA\"}]},{\"@type\":\"WebSite\",\"@id\":\"https:\/\/bodoin-incendiesecurite.fr\/#website\",\"url\":\"https:\/\/bodoin-incendiesecurite.fr\/\",\"name\":\"Bodoin Incendie-S\u00e9curit\u00e9\",\"description\":\"\",\"publisher\":{\"@id\":\"https:\/\/bodoin-incendiesecurite.fr\/#organization\"},\"potentialAction\":[{\"@type\":\"SearchAction\",\"target\":{\"@type\":\"EntryPoint\",\"urlTemplate\":\"https:\/\/bodoin-incendiesecurite.fr\/?s={search_term_string}\"},\"query-input\":{\"@type\":\"PropertyValueSpecification\",\"valueRequired\":true,\"valueName\":\"search_term_string\"}}],\"inLanguage\":\"fr-FR\"},{\"@type\":\"Organization\",\"@id\":\"https:\/\/bodoin-incendiesecurite.fr\/#organization\",\"name\":\"Bodoin Incendie-S\u00e9curit\u00e9\",\"url\":\"https:\/\/bodoin-incendiesecurite.fr\/\",\"logo\":{\"@type\":\"ImageObject\",\"inLanguage\":\"fr-FR\",\"@id\":\"https:\/\/bodoin-incendiesecurite.fr\/#\/schema\/logo\/image\/\",\"url\":\"https:\/\/bodoin-incendiesecurite.fr\/wp-content\/uploads\/2024\/08\/cropped-logo-bodoin-page-001-3-scaled.jpg\",\"contentUrl\":\"https:\/\/bodoin-incendiesecurite.fr\/wp-content\/uploads\/2024\/08\/cropped-logo-bodoin-page-001-3-scaled.jpg\",\"width\":2560,\"height\":1145,\"caption\":\"Bodoin Incendie-S\u00e9curit\u00e9\"},\"image\":{\"@id\":\"https:\/\/bodoin-incendiesecurite.fr\/#\/schema\/logo\/image\/\"}}]}<\/script>\n<!-- \/ Yoast SEO plugin. -->","yoast_head_json":{"title":"RIA - Bodoin Incendie-S\u00e9curit\u00e9","robots":{"index":"index","follow":"follow","max-snippet":"max-snippet:-1","max-image-preview":"max-image-preview:large","max-video-preview":"max-video-preview:-1"},"canonical":"https:\/\/bodoin-incendiesecurite.fr\/?page_id=97","og_locale":"fr_FR","og_type":"article","og_title":"RIA - Bodoin Incendie-S\u00e9curit\u00e9","og_description":"Bodoin Incendie S\u00e9curit\u00e9 propose l\u2019installation et la maintenance de Robinet d&rsquo;Incendie Arm\u00e9s. Une maintenance annuelle est \u00e0 effectuer sur ce type d\u2019appareil.","og_url":"https:\/\/bodoin-incendiesecurite.fr\/?page_id=97","og_site_name":"Bodoin Incendie-S\u00e9curit\u00e9","og_image":[{"width":1536,"height":2048,"url":"https:\/\/bodoin-incendiesecurite.fr\/wp-content\/uploads\/2020\/09\/70284016_2492373827521694_3334974691537321984_o-1.jpg","type":"image\/jpeg"}],"twitter_card":"summary_large_image","schema":{"@context":"https:\/\/schema.org","@graph":[{"@type":"WebPage","@id":"https:\/\/bodoin-incendiesecurite.fr\/?page_id=97","url":"https:\/\/bodoin-incendiesecurite.fr\/?page_id=97","name":"RIA - Bodoin Incendie-S\u00e9curit\u00e9","isPartOf":{"@id":"https:\/\/bodoin-incendiesecurite.fr\/#website"},"primaryImageOfPage":{"@id":"https:\/\/bodoin-incendiesecurite.fr\/?page_id=97#primaryimage"},"image":{"@id":"https:\/\/bodoin-incendiesecurite.fr\/?page_id=97#primaryimage"},"thumbnailUrl":"http:\/\/bodoin-incendiesecurite.fr\/wp-content\/uploads\/2020\/09\/70284016_2492373827521694_3334974691537321984_o-1.jpg?w=768","datePublished":"2020-09-04T15:54:29+00:00","breadcrumb":{"@id":"https:\/\/bodoin-incendiesecurite.fr\/?page_id=97#breadcrumb"},"inLanguage":"fr-FR","potentialAction":[{"@type":"ReadAction","target":["https:\/\/bodoin-incendiesecurite.fr\/?page_id=97"]}]},{"@type":"ImageObject","inLanguage":"fr-FR","@id":"https:\/\/bodoin-incendiesecurite.fr\/?page_id=97#primaryimage","url":"https:\/\/bodoin-incendiesecurite.fr\/wp-content\/uploads\/2020\/09\/70284016_2492373827521694_3334974691537321984_o-1.jpg","contentUrl":"https:\/\/bodoin-incendiesecurite.fr\/wp-content\/uploads\/2020\/09\/70284016_2492373827521694_3334974691537321984_o-1.jpg","width":1536,"height":2048},{"@type":"BreadcrumbList","@id":"https:\/\/bodoin-incendiesecurite.fr\/?page_id=97#breadcrumb","itemListElement":[{"@type":"ListItem","position":1,"name":"Accueil","item":"https:\/\/bodoin-incendiesecurite.fr\/"},{"@type":"ListItem","position":2,"name":"RIA"}]},{"@type":"WebSite","@id":"https:\/\/bodoin-incendiesecurite.fr\/#website","url":"https:\/\/bodoin-incendiesecurite.fr\/","name":"Bodoin Incendie-S\u00e9curit\u00e9","description":"","publisher":{"@id":"https:\/\/bodoin-incendiesecurite.fr\/#organization"},"potentialAction":[{"@type":"SearchAction","target":{"@type":"EntryPoint","urlTemplate":"https:\/\/bodoin-incendiesecurite.fr\/?s={search_term_string}"},"query-input":{"@type":"PropertyValueSpecification","valueRequired":true,"valueName":"search_term_string"}}],"inLanguage":"fr-FR"},{"@type":"Organization","@id":"https:\/\/bodoin-incendiesecurite.fr\/#organization","name":"Bodoin Incendie-S\u00e9curit\u00e9","url":"https:\/\/bodoin-incendiesecurite.fr\/","logo":{"@type":"ImageObject","inLanguage":"fr-FR","@id":"https:\/\/bodoin-incendiesecurite.fr\/#\/schema\/logo\/image\/","url":"https:\/\/bodoin-incendiesecurite.fr\/wp-content\/uploads\/2024\/08\/cropped-logo-bodoin-page-001-3-scaled.jpg","contentUrl":"https:\/\/bodoin-incendiesecurite.fr\/wp-content\/uploads\/2024\/08\/cropped-logo-bodoin-page-001-3-scaled.jpg","width":2560,"height":1145,"caption":"Bodoin Incendie-S\u00e9curit\u00e9"},"image":{"@id":"https:\/\/bodoin-incendiesecurite.fr\/#\/schema\/logo\/image\/"}}]}},"_links":{"self":[{"href":"https:\/\/bodoin-incendiesecurite.fr\/index.php?rest_route=\/wp\/v2\/pages\/97","targetHints":{"allow":["GET"]}}],"collection":[{"href":"https:\/\/bodoin-incendiesecurite.fr\/index.php?rest_route=\/wp\/v2\/pages"}],"about":[{"href":"https:\/\/bodoin-incendiesecurite.fr\/index.php?rest_route=\/wp\/v2\/types\/page"}],"author":[{"embeddable":true,"href":"https:\/\/bodoin-incendiesecurite.fr\/index.php?rest_route=\/wp\/v2\/users\/1"}],"replies":[{"embeddable":true,"href":"https:\/\/bodoin-incendiesecurite.fr\/index.php?rest_route=%2Fwp%2Fv2%2Fcomments&post=97"}],"version-history":[{"count":0,"href":"https:\/\/bodoin-incendiesecurite.fr\/index.php?rest_route=\/wp\/v2\/pages\/97\/revisions"}],"wp:attachment":[{"href":"https:\/\/bodoin-incendiesecurite.fr\/index.php?rest_route=%2Fwp%2Fv2%2Fmedia&parent=97"}],"curies":[{"name":"wp","href":"https:\/\/api.w.org\/{rel}","templated":true}]}}