{"id":100,"date":"2020-09-04T17:54:34","date_gmt":"2020-09-04T15:54:34","guid":{"rendered":"https:\/\/bodoinincendiesecurite.wordpress.com\/?page_id=100"},"modified":"2020-09-04T17:54:34","modified_gmt":"2020-09-04T15:54:34","slug":"eclairage-de-securite","status":"publish","type":"page","link":"https:\/\/bodoin-incendiesecurite.fr\/?page_id=100","title":{"rendered":"\u00c9clairage de s\u00e9curit\u00e9"},"content":{"rendered":"\n<div class=\"wp-block-media-text alignwide is-stacked-on-mobile is-vertically-aligned-top\"><figure class=\"wp-block-media-text__media\"><img fetchpriority=\"high\" decoding=\"async\" width=\"2048\" height=\"1536\" src=\"http:\/\/bodoin-incendiesecurite.fr\/wp-content\/uploads\/2020\/09\/103290687_3082907001801704_6152832152321899051_o-1.jpg?w=1024\" alt=\"\" class=\"wp-image-121\" srcset=\"https:\/\/bodoin-incendiesecurite.fr\/wp-content\/uploads\/2020\/09\/103290687_3082907001801704_6152832152321899051_o-1.jpg 2048w, https:\/\/bodoin-incendiesecurite.fr\/wp-content\/uploads\/2020\/09\/103290687_3082907001801704_6152832152321899051_o-1-300x225.jpg 300w, https:\/\/bodoin-incendiesecurite.fr\/wp-content\/uploads\/2020\/09\/103290687_3082907001801704_6152832152321899051_o-1-1024x768.jpg 1024w, https:\/\/bodoin-incendiesecurite.fr\/wp-content\/uploads\/2020\/09\/103290687_3082907001801704_6152832152321899051_o-1-768x576.jpg 768w, https:\/\/bodoin-incendiesecurite.fr\/wp-content\/uploads\/2020\/09\/103290687_3082907001801704_6152832152321899051_o-1-1536x1152.jpg 1536w\" sizes=\"(max-width: 2048px) 100vw, 2048px\" \/><\/figure><div class=\"wp-block-media-text__content\">\n<p>Bodoin Incendie S\u00e9curit\u00e9 propose la maintenance des Blocs Autonomes d&rsquo;\u00c9clairage de S\u00e9curit\u00e9 (B.A.E.S.).<\/p>\n\n\n\n<p>Une maintenance annuelle est \u00e0 effectuer sur ce type d\u2019appareil.<\/p>\n<\/div><\/div>\n\n\n\n<div class=\"wp-block-media-text alignwide is-stacked-on-mobile has-text-color has-background\" style=\"background-color:#0057b5;color:#fde900;grid-template-columns:37% auto;\"><figure class=\"wp-block-media-text__media\"><img decoding=\"async\" src=\"http:\/\/bodoin-incendiesecurite.fr\/wp-content\/uploads\/2020\/09\/cropped-logo-bodoin-page-001.jpg?w=750\" alt=\"\" class=\"wp-image-255\" \/><\/figure><div class=\"wp-block-media-text__content\">\n<p class=\"has-text-align-center\" style=\"font-size:16px;\"><strong>Bodoin Incendie S\u00e9curit\u00e9<\/strong><br><br>20, impasse des Charmilles<br>26100 Romans-sur-Is\u00e8re<\/p>\n\n\n\n<p class=\"has-text-align-center\" style=\"font-size:16px;\">T\u00e9l : 04 75 70 39 83<br>Mobile : 06 20 88 72 32<br><br>contact@bodoin-incendiesecurite.fr<\/p>\n<\/div><\/div>\n","protected":false},"excerpt":{"rendered":"<p>Bodoin Incendie S\u00e9curit\u00e9 propose la maintenance des Blocs Autonomes d&rsquo;\u00c9clairage de S\u00e9curit\u00e9 (B.A.E.S.). Une maintenance annuelle est \u00e0 effectuer sur ce type d\u2019appareil.<\/p>\n","protected":false},"author":1,"featured_media":0,"parent":0,"menu_order":0,"comment_status":"closed","ping_status":"closed","template":"","meta":{"footnotes":""},"class_list":["post-100","page","type-page","status-publish","hentry"],"yoast_head":"<!-- This site is optimized with the Yoast SEO plugin v24.8.1 - https:\/\/yoast.com\/wordpress\/plugins\/seo\/ -->\n<title>\u00c9clairage de s\u00e9curit\u00e9 - Bodoin Incendie-S\u00e9curit\u00e9<\/title>\n<meta name=\"robots\" content=\"index, follow, max-snippet:-1, max-image-preview:large, max-video-preview:-1\" \/>\n<link rel=\"canonical\" href=\"https:\/\/bodoin-incendiesecurite.fr\/?page_id=100\" \/>\n<meta property=\"og:locale\" content=\"fr_FR\" \/>\n<meta property=\"og:type\" content=\"article\" \/>\n<meta property=\"og:title\" content=\"\u00c9clairage de s\u00e9curit\u00e9 - Bodoin Incendie-S\u00e9curit\u00e9\" \/>\n<meta property=\"og:description\" content=\"Bodoin Incendie S\u00e9curit\u00e9 propose la maintenance des Blocs Autonomes d&rsquo;\u00c9clairage de S\u00e9curit\u00e9 (B.A.E.S.). Une maintenance annuelle est \u00e0 effectuer sur ce type d\u2019appareil.\" \/>\n<meta property=\"og:url\" content=\"https:\/\/bodoin-incendiesecurite.fr\/?page_id=100\" \/>\n<meta property=\"og:site_name\" content=\"Bodoin Incendie-S\u00e9curit\u00e9\" \/>\n<meta property=\"og:image\" content=\"https:\/\/bodoin-incendiesecurite.fr\/wp-content\/uploads\/2020\/09\/103290687_3082907001801704_6152832152321899051_o-1.jpg\" \/>\n\t<meta property=\"og:image:width\" content=\"2048\" \/>\n\t<meta property=\"og:image:height\" content=\"1536\" \/>\n\t<meta property=\"og:image:type\" content=\"image\/jpeg\" \/>\n<meta name=\"twitter:card\" content=\"summary_large_image\" \/>\n<script type=\"application\/ld+json\" class=\"yoast-schema-graph\">{\"@context\":\"https:\/\/schema.org\",\"@graph\":[{\"@type\":\"WebPage\",\"@id\":\"https:\/\/bodoin-incendiesecurite.fr\/?page_id=100\",\"url\":\"https:\/\/bodoin-incendiesecurite.fr\/?page_id=100\",\"name\":\"\u00c9clairage de s\u00e9curit\u00e9 - Bodoin Incendie-S\u00e9curit\u00e9\",\"isPartOf\":{\"@id\":\"https:\/\/bodoin-incendiesecurite.fr\/#website\"},\"primaryImageOfPage\":{\"@id\":\"https:\/\/bodoin-incendiesecurite.fr\/?page_id=100#primaryimage\"},\"image\":{\"@id\":\"https:\/\/bodoin-incendiesecurite.fr\/?page_id=100#primaryimage\"},\"thumbnailUrl\":\"http:\/\/bodoin-incendiesecurite.fr\/wp-content\/uploads\/2020\/09\/103290687_3082907001801704_6152832152321899051_o-1.jpg?w=1024\",\"datePublished\":\"2020-09-04T15:54:34+00:00\",\"breadcrumb\":{\"@id\":\"https:\/\/bodoin-incendiesecurite.fr\/?page_id=100#breadcrumb\"},\"inLanguage\":\"fr-FR\",\"potentialAction\":[{\"@type\":\"ReadAction\",\"target\":[\"https:\/\/bodoin-incendiesecurite.fr\/?page_id=100\"]}]},{\"@type\":\"ImageObject\",\"inLanguage\":\"fr-FR\",\"@id\":\"https:\/\/bodoin-incendiesecurite.fr\/?page_id=100#primaryimage\",\"url\":\"https:\/\/bodoin-incendiesecurite.fr\/wp-content\/uploads\/2020\/09\/103290687_3082907001801704_6152832152321899051_o-1.jpg\",\"contentUrl\":\"https:\/\/bodoin-incendiesecurite.fr\/wp-content\/uploads\/2020\/09\/103290687_3082907001801704_6152832152321899051_o-1.jpg\",\"width\":2048,\"height\":1536},{\"@type\":\"BreadcrumbList\",\"@id\":\"https:\/\/bodoin-incendiesecurite.fr\/?page_id=100#breadcrumb\",\"itemListElement\":[{\"@type\":\"ListItem\",\"position\":1,\"name\":\"Accueil\",\"item\":\"https:\/\/bodoin-incendiesecurite.fr\/\"},{\"@type\":\"ListItem\",\"position\":2,\"name\":\"\u00c9clairage de s\u00e9curit\u00e9\"}]},{\"@type\":\"WebSite\",\"@id\":\"https:\/\/bodoin-incendiesecurite.fr\/#website\",\"url\":\"https:\/\/bodoin-incendiesecurite.fr\/\",\"name\":\"Bodoin Incendie-S\u00e9curit\u00e9\",\"description\":\"\",\"publisher\":{\"@id\":\"https:\/\/bodoin-incendiesecurite.fr\/#organization\"},\"potentialAction\":[{\"@type\":\"SearchAction\",\"target\":{\"@type\":\"EntryPoint\",\"urlTemplate\":\"https:\/\/bodoin-incendiesecurite.fr\/?s={search_term_string}\"},\"query-input\":{\"@type\":\"PropertyValueSpecification\",\"valueRequired\":true,\"valueName\":\"search_term_string\"}}],\"inLanguage\":\"fr-FR\"},{\"@type\":\"Organization\",\"@id\":\"https:\/\/bodoin-incendiesecurite.fr\/#organization\",\"name\":\"Bodoin Incendie-S\u00e9curit\u00e9\",\"url\":\"https:\/\/bodoin-incendiesecurite.fr\/\",\"logo\":{\"@type\":\"ImageObject\",\"inLanguage\":\"fr-FR\",\"@id\":\"https:\/\/bodoin-incendiesecurite.fr\/#\/schema\/logo\/image\/\",\"url\":\"https:\/\/bodoin-incendiesecurite.fr\/wp-content\/uploads\/2024\/08\/cropped-logo-bodoin-page-001-3-scaled.jpg\",\"contentUrl\":\"https:\/\/bodoin-incendiesecurite.fr\/wp-content\/uploads\/2024\/08\/cropped-logo-bodoin-page-001-3-scaled.jpg\",\"width\":2560,\"height\":1145,\"caption\":\"Bodoin Incendie-S\u00e9curit\u00e9\"},\"image\":{\"@id\":\"https:\/\/bodoin-incendiesecurite.fr\/#\/schema\/logo\/image\/\"}}]}<\/script>\n<!-- \/ Yoast SEO plugin. -->","yoast_head_json":{"title":"\u00c9clairage de s\u00e9curit\u00e9 - Bodoin Incendie-S\u00e9curit\u00e9","robots":{"index":"index","follow":"follow","max-snippet":"max-snippet:-1","max-image-preview":"max-image-preview:large","max-video-preview":"max-video-preview:-1"},"canonical":"https:\/\/bodoin-incendiesecurite.fr\/?page_id=100","og_locale":"fr_FR","og_type":"article","og_title":"\u00c9clairage de s\u00e9curit\u00e9 - Bodoin Incendie-S\u00e9curit\u00e9","og_description":"Bodoin Incendie S\u00e9curit\u00e9 propose la maintenance des Blocs Autonomes d&rsquo;\u00c9clairage de S\u00e9curit\u00e9 (B.A.E.S.). Une maintenance annuelle est \u00e0 effectuer sur ce type d\u2019appareil.","og_url":"https:\/\/bodoin-incendiesecurite.fr\/?page_id=100","og_site_name":"Bodoin Incendie-S\u00e9curit\u00e9","og_image":[{"width":2048,"height":1536,"url":"https:\/\/bodoin-incendiesecurite.fr\/wp-content\/uploads\/2020\/09\/103290687_3082907001801704_6152832152321899051_o-1.jpg","type":"image\/jpeg"}],"twitter_card":"summary_large_image","schema":{"@context":"https:\/\/schema.org","@graph":[{"@type":"WebPage","@id":"https:\/\/bodoin-incendiesecurite.fr\/?page_id=100","url":"https:\/\/bodoin-incendiesecurite.fr\/?page_id=100","name":"\u00c9clairage de s\u00e9curit\u00e9 - Bodoin Incendie-S\u00e9curit\u00e9","isPartOf":{"@id":"https:\/\/bodoin-incendiesecurite.fr\/#website"},"primaryImageOfPage":{"@id":"https:\/\/bodoin-incendiesecurite.fr\/?page_id=100#primaryimage"},"image":{"@id":"https:\/\/bodoin-incendiesecurite.fr\/?page_id=100#primaryimage"},"thumbnailUrl":"http:\/\/bodoin-incendiesecurite.fr\/wp-content\/uploads\/2020\/09\/103290687_3082907001801704_6152832152321899051_o-1.jpg?w=1024","datePublished":"2020-09-04T15:54:34+00:00","breadcrumb":{"@id":"https:\/\/bodoin-incendiesecurite.fr\/?page_id=100#breadcrumb"},"inLanguage":"fr-FR","potentialAction":[{"@type":"ReadAction","target":["https:\/\/bodoin-incendiesecurite.fr\/?page_id=100"]}]},{"@type":"ImageObject","inLanguage":"fr-FR","@id":"https:\/\/bodoin-incendiesecurite.fr\/?page_id=100#primaryimage","url":"https:\/\/bodoin-incendiesecurite.fr\/wp-content\/uploads\/2020\/09\/103290687_3082907001801704_6152832152321899051_o-1.jpg","contentUrl":"https:\/\/bodoin-incendiesecurite.fr\/wp-content\/uploads\/2020\/09\/103290687_3082907001801704_6152832152321899051_o-1.jpg","width":2048,"height":1536},{"@type":"BreadcrumbList","@id":"https:\/\/bodoin-incendiesecurite.fr\/?page_id=100#breadcrumb","itemListElement":[{"@type":"ListItem","position":1,"name":"Accueil","item":"https:\/\/bodoin-incendiesecurite.fr\/"},{"@type":"ListItem","position":2,"name":"\u00c9clairage de s\u00e9curit\u00e9"}]},{"@type":"WebSite","@id":"https:\/\/bodoin-incendiesecurite.fr\/#website","url":"https:\/\/bodoin-incendiesecurite.fr\/","name":"Bodoin Incendie-S\u00e9curit\u00e9","description":"","publisher":{"@id":"https:\/\/bodoin-incendiesecurite.fr\/#organization"},"potentialAction":[{"@type":"SearchAction","target":{"@type":"EntryPoint","urlTemplate":"https:\/\/bodoin-incendiesecurite.fr\/?s={search_term_string}"},"query-input":{"@type":"PropertyValueSpecification","valueRequired":true,"valueName":"search_term_string"}}],"inLanguage":"fr-FR"},{"@type":"Organization","@id":"https:\/\/bodoin-incendiesecurite.fr\/#organization","name":"Bodoin Incendie-S\u00e9curit\u00e9","url":"https:\/\/bodoin-incendiesecurite.fr\/","logo":{"@type":"ImageObject","inLanguage":"fr-FR","@id":"https:\/\/bodoin-incendiesecurite.fr\/#\/schema\/logo\/image\/","url":"https:\/\/bodoin-incendiesecurite.fr\/wp-content\/uploads\/2024\/08\/cropped-logo-bodoin-page-001-3-scaled.jpg","contentUrl":"https:\/\/bodoin-incendiesecurite.fr\/wp-content\/uploads\/2024\/08\/cropped-logo-bodoin-page-001-3-scaled.jpg","width":2560,"height":1145,"caption":"Bodoin Incendie-S\u00e9curit\u00e9"},"image":{"@id":"https:\/\/bodoin-incendiesecurite.fr\/#\/schema\/logo\/image\/"}}]}},"_links":{"self":[{"href":"https:\/\/bodoin-incendiesecurite.fr\/index.php?rest_route=\/wp\/v2\/pages\/100","targetHints":{"allow":["GET"]}}],"collection":[{"href":"https:\/\/bodoin-incendiesecurite.fr\/index.php?rest_route=\/wp\/v2\/pages"}],"about":[{"href":"https:\/\/bodoin-incendiesecurite.fr\/index.php?rest_route=\/wp\/v2\/types\/page"}],"author":[{"embeddable":true,"href":"https:\/\/bodoin-incendiesecurite.fr\/index.php?rest_route=\/wp\/v2\/users\/1"}],"replies":[{"embeddable":true,"href":"https:\/\/bodoin-incendiesecurite.fr\/index.php?rest_route=%2Fwp%2Fv2%2Fcomments&post=100"}],"version-history":[{"count":0,"href":"https:\/\/bodoin-incendiesecurite.fr\/index.php?rest_route=\/wp\/v2\/pages\/100\/revisions"}],"wp:attachment":[{"href":"https:\/\/bodoin-incendiesecurite.fr\/index.php?rest_route=%2Fwp%2Fv2%2Fmedia&parent=100"}],"curies":[{"name":"wp","href":"https:\/\/api.w.org\/{rel}","templated":true}]}}